{"id":230,"date":"2022-02-08T17:41:38","date_gmt":"2022-02-08T16:41:38","guid":{"rendered":"https:\/\/www.yacht-art.com\/impressum\/"},"modified":"2025-01-30T12:33:19","modified_gmt":"2025-01-30T11:33:19","slug":"impressum","status":"publish","type":"page","link":"https:\/\/www.yacht-art.com\/en\/impressum\/","title":{"rendered":"Impressum"},"content":{"rendered":"<p>Inhaltlich Verantwortlicher gem\u00e4\u00df \u00a7 5 Telemediengesetz (TMG):<br \/>\nYACHT &amp; ART GmbH<br \/>\nAndreas Gerken<br \/>\nWedeler Landstra\u00dfe 170<br \/>\n22559 Hamburg<\/p>\n<p><strong>USt-Id Nr.: <\/strong>DE304757268<\/p>\n<p><strong>Handelsregister Nr.: <\/strong>HRB139328<\/p>\n<p><strong>Gew\u00e4hrleistung<\/strong><\/p>\n<p>Der Betreiber dieser Website ist nach bestem Wissen und Verm\u00f6gen bem\u00fcht, dass die auf diesen Seiten enthaltenen Informationen und Daten der Richtigkeit und Vollst\u00e4ndigkeit entsprechen. Eine Haftung, die sich auf die Richtigkeit und Vollst\u00e4ndigkeit der Informationen bezieht, wird jedoch ausgeschlossen. Der Betreiber dieser Website beh\u00e4lt sich das Recht vor, Daten und Informationen dieser Website nach eigenem Ermessen ohne Ank\u00fcndigung zu entfernen oder zu erg\u00e4nzen.<\/p>\n<p><strong>Copyright<\/strong><\/p>\n<p>Alle Texte, Fotos, Bilder, Firmenlogos und Grafiken \u2013 auch Dritter \u2013 dieser Website unterliegen dem Schutz des Urheberrechts und des Markenschutzes. Firmen- und Produkt-Logos sind Markenzeichen der entsprechenden Unternehmen. Die auf dieser Website aufgef\u00fchrten Unternehmen erkl\u00e4ren sich mit der Ver\u00f6ffentlichung ihrer Firmendaten und der Darstellung ihrer Markenzeichen einverstanden. Die Verbreitung von Informationen, Bildern und Daten dieser Site unterliegen der Zustimmung des Betreibers.<br \/>\n\u00a9 YACHT &amp; ART GmbH alle Rechte vorbehalten.<\/p>\n<p><strong>Verlinkung per Hyperlink<\/strong><\/p>\n<p>Der Betreiber dieser Website ist f\u00fcr die Inhalte anderer Websites, auf die per Hyperlink verwiesen wird, in keinem Falle verantwortlich. Eine etwaige Verlinkung auf diese Website ist nur mit Zustimmung des Betreibers erlaubt.<\/p>\n<p><strong>YACHT &amp; ART GmbH\u00a0\u2013 Markenzeichen<\/strong><\/p>\n<p>Das Logo von YACHT &amp; ART GmbH ist als Marke gesch\u00fctzt. Text und Bildmarke bilden eine Einheit und d\u00fcrfen nicht durch andere gestalterische Elemente ver\u00e4ndert werden. Die Verwendung des Markenzeichens zu Werbezwecken ist nicht erlaubt.<\/p>\n<p><strong>Haftungsausschluss<\/strong><\/p>\n<p>Obwohl bei der Zusammenstellung der Informationen gr\u00f6\u00dftm\u00f6gliche Sorgfalt angewendet wurde, wird eine Haftung oder Garantie f\u00fcr die Aktualit\u00e4t, Richtigkeit und Vollst\u00e4ndigkeit der Informationen und Daten ausgeschlossen. Dies gilt insbesondere auch f\u00fcr alle Sch\u00e4den und Folgesch\u00e4den, einschlie\u00dflich entgangener Gewinne, die durch die Benutzung oder Zugrundelegung der enthaltenen Informationen entstehen. Alle Angaben auf diesen Seiten sind ohne Gew\u00e4hr.<\/p>\n<p><strong>Nutzungsrechte<\/strong><\/p>\n<p>Urheberrechte und Design dieser Website sind geistiges Eigentum des Betreibers &amp; des Designers dieser Website.<\/p>\n<p><strong>Download<\/strong><\/p>\n<p>Der Download von Dokumenten erfolgt auf eigene Gefahr. Der Betreiber haftet nicht f\u00fcr Sch\u00e4den, die aus der Nutzung der Download-Bereiche entstehen.<\/p>\n<p><strong>Gerichtsstand und Recht<\/strong><\/p>\n<p>Das Stillschweigen \u00fcber Inhalte der passwortgesch\u00fctzten Nutzerbereiche (Hinweis auf \u00a7 202a StGB) und das mit dieser Website zusammenh\u00e4ngende Tun, Dulden oder Unterlassen unterliegt deutschem Recht. Gerichtsstand ist Hamburg, Germany.<\/p>\n<p><strong>Konzeption und Realisation<\/strong><\/p>\n<p>Brandzocial GmbH<br \/>\nPhilosophenweg 53<br \/>\n22763 Hamburg<br \/>\n<a title=\"Brandzocial GmbH | WordPress Agentur in Hamburg Ottensen\" href=\"https:\/\/brandzocial.com\" target=\"_blank\" rel=\"noopener noreferrer\">brandzocial.com<\/a><\/p>\n","protected":false},"excerpt":{"rendered":"<p>Inhaltlich Verantwortlicher gem\u00e4\u00df \u00a7 5 Telemediengesetz (TMG): YACHT &amp; ART GmbH Andreas Gerken Wedeler Landstra\u00dfe 170 22559 Hamburg USt-Id Nr.: DE304757268 Handelsregister Nr.: HRB139328 Gew\u00e4hrleistung Der Betreiber dieser Website ist nach bestem Wissen und Verm\u00f6gen bem\u00fcht, dass die auf diesen Seiten enthaltenen Informationen und Daten der Richtigkeit und Vollst\u00e4ndigkeit entsprechen. Eine Haftung, die sich auf [&hellip;]<\/p>\n","protected":false},"author":2,"featured_media":153,"parent":0,"menu_order":0,"comment_status":"closed","ping_status":"closed","template":"","meta":{"footnotes":""},"class_list":["post-230","page","type-page","status-publish","has-post-thumbnail","hentry"],"acf":[],"yoast_head":"<!-- This site is optimized with the Yoast SEO plugin v19.13 - https:\/\/yoast.com\/wordpress\/plugins\/seo\/ -->\n<title>Impressum | Yacht &amp; Art<\/title>\n<meta name=\"description\" content=\"Inhaltlich Verantwortlicher gem\u00e4\u00df \u00a7 5 Telemediengesetz (TMG): YACHT &amp; ART GmbH Andreas Gerken Wedeler Landstra\u00dfe 17022559 Hamburg\" \/>\n<meta name=\"robots\" content=\"index, follow, max-snippet:-1, max-image-preview:large, max-video-preview:-1\" \/>\n<link rel=\"canonical\" href=\"https:\/\/www.yacht-art.com\/en\/impressum\/\" \/>\n<meta property=\"og:locale\" content=\"en_US\" \/>\n<meta property=\"og:type\" content=\"article\" \/>\n<meta property=\"og:title\" content=\"Impressum | Yacht &amp; Art\" \/>\n<meta property=\"og:description\" content=\"Inhaltlich Verantwortlicher gem\u00e4\u00df \u00a7 5 Telemediengesetz (TMG): YACHT &amp; ART GmbH Andreas Gerken Wedeler Landstra\u00dfe 17022559 Hamburg\" \/>\n<meta property=\"og:url\" content=\"https:\/\/www.yacht-art.com\/en\/impressum\/\" \/>\n<meta property=\"og:site_name\" content=\"Yacht &amp; Art\" \/>\n<meta property=\"article:publisher\" content=\"https:\/\/www.facebook.com\/gerkendruck\/\" \/>\n<meta property=\"article:modified_time\" content=\"2025-01-30T11:33:19+00:00\" \/>\n<meta property=\"og:image\" content=\"https:\/\/www.yacht-art.com\/wp-content\/uploads\/2022\/02\/kontakt-bg-e1651500508844.jpg\" \/>\n\t<meta property=\"og:image:width\" content=\"1400\" \/>\n\t<meta property=\"og:image:height\" content=\"650\" \/>\n\t<meta property=\"og:image:type\" content=\"image\/jpeg\" \/>\n<meta name=\"twitter:card\" content=\"summary_large_image\" \/>\n<meta name=\"twitter:title\" content=\"Impressum | Yacht &amp; Art\" \/>\n<meta name=\"twitter:description\" content=\"Inhaltlich Verantwortlicher gem\u00e4\u00df \u00a7 5 Telemediengesetz (TMG): YACHT &amp; ART GmbH Andreas Gerken Wedeler Landstra\u00dfe 17022559 Hamburg\" \/>\n<meta name=\"twitter:image\" content=\"https:\/\/www.yacht-art.com\/wp-content\/uploads\/2022\/02\/kontakt-bg-e1651500508844.jpg\" \/>\n<meta name=\"twitter:label1\" content=\"Est. reading time\" \/>\n\t<meta name=\"twitter:data1\" content=\"2 minutes\" \/>\n<script type=\"application\/ld+json\" class=\"yoast-schema-graph\">{\"@context\":\"https:\/\/schema.org\",\"@graph\":[{\"@type\":\"WebPage\",\"@id\":\"https:\/\/www.yacht-art.com\/en\/impressum\/\",\"url\":\"https:\/\/www.yacht-art.com\/en\/impressum\/\",\"name\":\"Impressum | Yacht &amp; Art\",\"isPartOf\":{\"@id\":\"https:\/\/www.yacht-art.com\/en\/#website\"},\"datePublished\":\"2022-02-08T16:41:38+00:00\",\"dateModified\":\"2025-01-30T11:33:19+00:00\",\"description\":\"Inhaltlich Verantwortlicher gem\u00e4\u00df \u00a7 5 Telemediengesetz (TMG): YACHT & ART GmbH Andreas Gerken Wedeler Landstra\u00dfe 17022559 Hamburg\",\"breadcrumb\":{\"@id\":\"https:\/\/www.yacht-art.com\/en\/impressum\/#breadcrumb\"},\"inLanguage\":\"en-US\",\"potentialAction\":[{\"@type\":\"ReadAction\",\"target\":[\"https:\/\/www.yacht-art.com\/en\/impressum\/\"]}]},{\"@type\":\"BreadcrumbList\",\"@id\":\"https:\/\/www.yacht-art.com\/en\/impressum\/#breadcrumb\",\"itemListElement\":[{\"@type\":\"ListItem\",\"position\":1,\"name\":\"Home\",\"item\":\"https:\/\/www.yacht-art.com\/en\/\"},{\"@type\":\"ListItem\",\"position\":2,\"name\":\"Impressum\"}]},{\"@type\":\"WebSite\",\"@id\":\"https:\/\/www.yacht-art.com\/en\/#website\",\"url\":\"https:\/\/www.yacht-art.com\/en\/\",\"name\":\"Yacht &amp; Art\",\"description\":\"Spezialbeschichtungen f\u00fcr Berufschifffahrt und Megayachten\",\"publisher\":{\"@id\":\"https:\/\/www.yacht-art.com\/en\/#organization\"},\"potentialAction\":[{\"@type\":\"SearchAction\",\"target\":{\"@type\":\"EntryPoint\",\"urlTemplate\":\"https:\/\/www.yacht-art.com\/en\/?s={search_term_string}\"},\"query-input\":\"required name=search_term_string\"}],\"inLanguage\":\"en-US\"},{\"@type\":\"Organization\",\"@id\":\"https:\/\/www.yacht-art.com\/en\/#organization\",\"name\":\"Yacht & Art\",\"url\":\"https:\/\/www.yacht-art.com\/en\/\",\"logo\":{\"@type\":\"ImageObject\",\"inLanguage\":\"en-US\",\"@id\":\"https:\/\/www.yacht-art.com\/en\/#\/schema\/logo\/image\/\",\"url\":\"\",\"contentUrl\":\"\",\"caption\":\"Yacht & Art\"},\"image\":{\"@id\":\"https:\/\/www.yacht-art.com\/en\/#\/schema\/logo\/image\/\"},\"sameAs\":[\"https:\/\/www.facebook.com\/gerkendruck\/\"]}]}<\/script>\n<!-- \/ Yoast SEO plugin. -->","yoast_head_json":{"title":"Impressum | Yacht &amp; Art","description":"Inhaltlich Verantwortlicher gem\u00e4\u00df \u00a7 5 Telemediengesetz (TMG): YACHT & ART GmbH Andreas Gerken Wedeler Landstra\u00dfe 17022559 Hamburg","robots":{"index":"index","follow":"follow","max-snippet":"max-snippet:-1","max-image-preview":"max-image-preview:large","max-video-preview":"max-video-preview:-1"},"canonical":"https:\/\/www.yacht-art.com\/en\/impressum\/","og_locale":"en_US","og_type":"article","og_title":"Impressum | Yacht &amp; Art","og_description":"Inhaltlich Verantwortlicher gem\u00e4\u00df \u00a7 5 Telemediengesetz (TMG): YACHT & ART GmbH Andreas Gerken Wedeler Landstra\u00dfe 17022559 Hamburg","og_url":"https:\/\/www.yacht-art.com\/en\/impressum\/","og_site_name":"Yacht &amp; Art","article_publisher":"https:\/\/www.facebook.com\/gerkendruck\/","article_modified_time":"2025-01-30T11:33:19+00:00","og_image":[{"width":1400,"height":650,"url":"https:\/\/www.yacht-art.com\/wp-content\/uploads\/2022\/02\/kontakt-bg-e1651500508844.jpg","type":"image\/jpeg"}],"twitter_card":"summary_large_image","twitter_title":"Impressum | Yacht &amp; Art","twitter_description":"Inhaltlich Verantwortlicher gem\u00e4\u00df \u00a7 5 Telemediengesetz (TMG): YACHT & ART GmbH Andreas Gerken Wedeler Landstra\u00dfe 17022559 Hamburg","twitter_image":"https:\/\/www.yacht-art.com\/wp-content\/uploads\/2022\/02\/kontakt-bg-e1651500508844.jpg","twitter_misc":{"Est. reading time":"2 minutes"},"schema":{"@context":"https:\/\/schema.org","@graph":[{"@type":"WebPage","@id":"https:\/\/www.yacht-art.com\/en\/impressum\/","url":"https:\/\/www.yacht-art.com\/en\/impressum\/","name":"Impressum | Yacht &amp; Art","isPartOf":{"@id":"https:\/\/www.yacht-art.com\/en\/#website"},"datePublished":"2022-02-08T16:41:38+00:00","dateModified":"2025-01-30T11:33:19+00:00","description":"Inhaltlich Verantwortlicher gem\u00e4\u00df \u00a7 5 Telemediengesetz (TMG): YACHT & ART GmbH Andreas Gerken Wedeler Landstra\u00dfe 17022559 Hamburg","breadcrumb":{"@id":"https:\/\/www.yacht-art.com\/en\/impressum\/#breadcrumb"},"inLanguage":"en-US","potentialAction":[{"@type":"ReadAction","target":["https:\/\/www.yacht-art.com\/en\/impressum\/"]}]},{"@type":"BreadcrumbList","@id":"https:\/\/www.yacht-art.com\/en\/impressum\/#breadcrumb","itemListElement":[{"@type":"ListItem","position":1,"name":"Home","item":"https:\/\/www.yacht-art.com\/en\/"},{"@type":"ListItem","position":2,"name":"Impressum"}]},{"@type":"WebSite","@id":"https:\/\/www.yacht-art.com\/en\/#website","url":"https:\/\/www.yacht-art.com\/en\/","name":"Yacht &amp; Art","description":"Spezialbeschichtungen f\u00fcr Berufschifffahrt und Megayachten","publisher":{"@id":"https:\/\/www.yacht-art.com\/en\/#organization"},"potentialAction":[{"@type":"SearchAction","target":{"@type":"EntryPoint","urlTemplate":"https:\/\/www.yacht-art.com\/en\/?s={search_term_string}"},"query-input":"required name=search_term_string"}],"inLanguage":"en-US"},{"@type":"Organization","@id":"https:\/\/www.yacht-art.com\/en\/#organization","name":"Yacht & Art","url":"https:\/\/www.yacht-art.com\/en\/","logo":{"@type":"ImageObject","inLanguage":"en-US","@id":"https:\/\/www.yacht-art.com\/en\/#\/schema\/logo\/image\/","url":"","contentUrl":"","caption":"Yacht & Art"},"image":{"@id":"https:\/\/www.yacht-art.com\/en\/#\/schema\/logo\/image\/"},"sameAs":["https:\/\/www.facebook.com\/gerkendruck\/"]}]}},"_links":{"self":[{"href":"https:\/\/www.yacht-art.com\/en\/wp-json\/wp\/v2\/pages\/230","targetHints":{"allow":["GET"]}}],"collection":[{"href":"https:\/\/www.yacht-art.com\/en\/wp-json\/wp\/v2\/pages"}],"about":[{"href":"https:\/\/www.yacht-art.com\/en\/wp-json\/wp\/v2\/types\/page"}],"author":[{"embeddable":true,"href":"https:\/\/www.yacht-art.com\/en\/wp-json\/wp\/v2\/users\/2"}],"replies":[{"embeddable":true,"href":"https:\/\/www.yacht-art.com\/en\/wp-json\/wp\/v2\/comments?post=230"}],"version-history":[{"count":1,"href":"https:\/\/www.yacht-art.com\/en\/wp-json\/wp\/v2\/pages\/230\/revisions"}],"predecessor-version":[{"id":1029,"href":"https:\/\/www.yacht-art.com\/en\/wp-json\/wp\/v2\/pages\/230\/revisions\/1029"}],"wp:featuredmedia":[{"embeddable":true,"href":"https:\/\/www.yacht-art.com\/en\/wp-json\/wp\/v2\/media\/153"}],"wp:attachment":[{"href":"https:\/\/www.yacht-art.com\/en\/wp-json\/wp\/v2\/media?parent=230"}],"curies":[{"name":"wp","href":"https:\/\/api.w.org\/{rel}","templated":true}]}}